{"id":8,"date":"2025-01-10T18:16:49","date_gmt":"2025-01-10T23:16:49","guid":{"rendered":"https:\/\/fizzcodepromo.com\/?page_id=8"},"modified":"2025-02-21T09:27:55","modified_gmt":"2025-02-21T14:27:55","slug":"home","status":"publish","type":"page","link":"https:\/\/fizzcodepromo.com\/","title":{"rendered":""},"content":{"rendered":"\n<div class=\"wp-block-cover alignfull is-light has-medium-font-size\" style=\"padding-top:0;padding-right:0;padding-bottom:0;padding-left:0;min-height:50px;aspect-ratio:unset;\"><span aria-hidden=\"true\" class=\"wp-block-cover__background has-background-background-color has-background-dim-100 has-background-dim\"><\/span><div class=\"wp-block-cover__inner-container is-layout-flow wp-block-cover-is-layout-flow\">\n<h6 class=\"wp-block-heading has-text-align-center has-foreground-color has-text-color has-medium-font-size\" style=\"margin-top:0;margin-right:0;margin-bottom:0;margin-left:0;padding-top:0;padding-right:0;padding-bottom:0;padding-left:0\"><strong><strong>CODE ACTIF:&nbsp;Y14IM<\/strong><\/strong><\/h6>\n<\/div><\/div>\n\n\n\n<div class=\"wp-block-cover alignfull is-light has-medium-font-size\" style=\"padding-top:0;padding-right:var(--wp--preset--spacing--80);padding-bottom:var(--wp--preset--spacing--20);padding-left:var(--wp--preset--spacing--80);min-height:560px;aspect-ratio:unset;\"><span aria-hidden=\"true\" class=\"wp-block-cover__background has-background-dim-100 has-background-dim has-background-gradient\" style=\"background:linear-gradient(345deg,rgb(108,193,222) 0%,rgb(0,208,130) 100%)\"><\/span><div class=\"wp-block-cover__inner-container is-layout-flow wp-block-cover-is-layout-flow\">\n<h2 class=\"wp-block-heading has-text-align-center has-background-color has-text-color\">Voici un rabais <br>de <strong>25$<\/strong><br>chez  <img decoding=\"async\" class=\"wp-image-32\" style=\"width: 100px;\" src=\"https:\/\/fizzcodepromo.com\/wp-content\/uploads\/2025\/02\/fizz_white1.svg\" alt=\"\"><\/h2>\n\n\n\n<div class=\"wp-block-columns is-layout-flex wp-container-core-columns-is-layout-28f84493 wp-block-columns-is-layout-flex\">\n<div class=\"wp-block-column is-vertically-aligned-bottom is-layout-flow wp-block-column-is-layout-flow\" style=\"flex-basis:100%\">\n<figure class=\"wp-block-image aligncenter size-full is-resized\"><img loading=\"lazy\" decoding=\"async\" width=\"386\" height=\"341\" src=\"https:\/\/fizzcodepromo.com\/wp-content\/uploads\/2025\/02\/friends1.svg\" alt=\"\" class=\"wp-image-257\" style=\"width:386px;height:341px\"\/><\/figure>\n<\/div>\n<\/div>\n\n\n\n<p class=\"has-text-align-center has-background-color has-text-color has-medium-font-size\">Code de r\u00e9f\u00e9rence pour votre nouvel abonnement!<\/p>\n\n\n\n<div class=\"wp-block-buttons is-content-justification-center is-layout-flex wp-container-core-buttons-is-layout-a89b3969 wp-block-buttons-is-layout-flex\">\n<div class=\"wp-block-button has-custom-font-size has-small-font-size\"><a class=\"wp-block-button__link has-vivid-green-cyan-color has-background-background-color has-text-color has-background wp-element-button\" href=\"https:\/\/fizz.ca\/fr?ref=Y14IM\" style=\"border-radius:100px\" target=\"_blank\" rel=\"noreferrer noopener\"><strong>Y14IM<\/strong><\/a><\/div>\n<\/div>\n<\/div><\/div>\n\n\n\n<div class=\"wp-block-cover alignfull has-medium-font-size\" style=\"padding-top:0;padding-right:var(--wp--preset--spacing--80);padding-bottom:var(--wp--preset--spacing--20);padding-left:var(--wp--preset--spacing--80);min-height:560px;aspect-ratio:unset;\"><span aria-hidden=\"true\" class=\"wp-block-cover__background has-background-dim-100 has-background-dim\" style=\"background-color:#560628\"><\/span><div class=\"wp-block-cover__inner-container is-layout-flow wp-block-cover-is-layout-flow\">\n<h2 class=\"wp-block-heading has-text-align-center has-background-color has-text-color\">Comment \u00e7a <br>fonctionne?<\/h2>\n\n\n\n<div class=\"wp-block-columns is-layout-flex wp-container-core-columns-is-layout-28f84493 wp-block-columns-is-layout-flex\">\n<div class=\"wp-block-column is-vertically-aligned-bottom is-layout-flow wp-block-column-is-layout-flow\" style=\"flex-basis:100%\">\n<figure class=\"wp-block-image aligncenter size-full\"><img decoding=\"async\" width=\"393.1\" height=\"336.4\" src=\"https:\/\/fizzcodepromo.com\/wp-content\/uploads\/2025\/02\/illu_OnBoarding_8.svg\" alt=\"\" class=\"wp-image-262\"\/><\/figure>\n<\/div>\n<\/div>\n\n\n\n<p class=\"has-text-align-center has-background-color has-text-color has-small-font-size\">Activez votre premier forfait Fizz avec le code de r\u00e9f\u00e9rence <strong>Y14IM<\/strong> <br>et vous recevrez une prime de r\u00e9f\u00e9rence de <strong>25$<\/strong><\/p>\n\n\n\n<div class=\"wp-block-buttons is-content-justification-center is-layout-flex wp-container-core-buttons-is-layout-a89b3969 wp-block-buttons-is-layout-flex\">\n<div class=\"wp-block-button has-custom-font-size has-small-font-size\"><a class=\"wp-block-button__link has-background-color has-vivid-green-cyan-background-color has-text-color has-background wp-element-button\" href=\"https:\/\/fizz.ca\/fr?ref=Y14IM\" style=\"border-radius:100px\" target=\"_blank\" rel=\"noreferrer noopener\"><strong>Y14IM<\/strong><\/a><\/div>\n<\/div>\n<\/div><\/div>\n\n\n\n<div class=\"wp-block-cover alignfull has-medium-font-size\" style=\"padding-top:var(--wp--preset--spacing--30);padding-right:0;padding-left:0;min-height:301px;aspect-ratio:unset;\"><span aria-hidden=\"true\" class=\"wp-block-cover__background has-background-dim-100 has-background-dim\" style=\"background-color:#06483c\"><\/span><div class=\"wp-block-cover__inner-container is-layout-flow wp-block-cover-is-layout-flow\">\n<div class=\"wp-block-media-text alignwide is-stacked-on-mobile is-vertically-aligned-top\" style=\"margin-top:0;margin-right:0;margin-bottom:0;margin-left:0;padding-top:0;padding-right:0;padding-bottom:0;padding-left:0;grid-template-columns:48% auto\"><figure class=\"wp-block-media-text__media\"><img decoding=\"async\" src=\"https:\/\/fizzcodepromo.com\/wp-content\/uploads\/2025\/02\/internet-sturdy_11.svg\" alt=\"\" class=\"wp-image-258 size-full\"\/><\/figure><div class=\"wp-block-media-text__content\">\n<h2 class=\"wp-block-heading has-text-align-left has-white-color has-text-color\"><strong>Pourquoi ?<\/strong><\/h2>\n\n\n\n<p class=\"has-white-color has-text-color has-small-font-size\">Je suis un heureux utilisateur d\u2019Internet fizz et Mobilit\u00e9 fizz depuis plusieurs ann\u00e9es <br>et j\u2019en suis satisfait !<br><br><strong>En plus fizz est 100% en ligne !!<\/strong><\/p>\n\n\n\n<div class=\"wp-block-buttons is-content-justification-center is-layout-flex wp-container-core-buttons-is-layout-a89b3969 wp-block-buttons-is-layout-flex\">\n<div class=\"wp-block-button has-custom-font-size is-style-fill has-small-font-size\"><a class=\"wp-block-button__link has-vivid-green-cyan-color has-background-background-color has-text-color has-background wp-element-button\" href=\"https:\/\/fizz.ca\/fr?ref=Y14IM\" style=\"border-radius:100px\" target=\"_blank\" rel=\"noreferrer noopener\"><strong>Y14IM<\/strong><\/a><\/div>\n<\/div>\n<\/div><\/div>\n<\/div><\/div>\n\n\n\n<div class=\"wp-block-cover alignfull is-light\" style=\"margin-top:0;margin-bottom:0;padding-top:0;padding-right:0;padding-bottom:0;padding-left:0\"><span aria-hidden=\"true\" class=\"wp-block-cover__background has-background-background-color has-background-dim-100 has-background-dim\"><\/span><div class=\"wp-block-cover__inner-container is-layout-flow wp-block-cover-is-layout-flow\">\n<div class=\"wp-block-media-text alignfull has-media-on-the-right is-stacked-on-mobile has-pale-pink-background-color has-background\" style=\"margin-top:0;margin-right:0;margin-bottom:0;margin-left:0;padding-top:var(--wp--preset--spacing--30);padding-right:0;padding-bottom:0;padding-left:0\"><div class=\"wp-block-media-text__content\">\n<h2 class=\"wp-block-heading has-background-color has-text-color\"><strong>C\u2019est payant<\/strong><br><strong>d\u2019opter pour<\/strong> <img decoding=\"async\" class=\"wp-image-32\" style=\"width: 100px;\" src=\"https:\/\/fizzcodepromo.com\/wp-content\/uploads\/2025\/01\/fizz_white1.svg\" alt=\"\"><\/h2>\n\n\n\n<p class=\"has-background-color has-text-color has-small-font-size\">D\u00e9verrouillez votre premi\u00e8re r\u00e9compense avec l\u2019activation de votre forfait mobile. Au fil du temps, profitez de plus grandes \u00e9conomies alors que vos r\u00e9compenses s&rsquo;am\u00e9liorent tout au long de votre parcours Fizz<\/p>\n<\/div><figure class=\"wp-block-media-text__media\"><img decoding=\"async\" src=\"https:\/\/fizzcodepromo.com\/wp-content\/uploads\/2025\/02\/dauphin1.svg\" alt=\"\" class=\"wp-image-252 size-full\"\/><\/figure><\/div>\n\n\n\n<div class=\"wp-block-columns are-vertically-aligned-center has-pale-pink-background-color has-background is-layout-flex wp-container-core-columns-is-layout-3818ffc0 wp-block-columns-is-layout-flex\" style=\"padding-top:0;padding-bottom:var(--wp--preset--spacing--30)\">\n<div class=\"wp-block-column is-vertically-aligned-center is-layout-flow wp-block-column-is-layout-flow\">\n<div class=\"wp-block-buttons is-content-justification-center is-layout-flex wp-container-core-buttons-is-layout-a89b3969 wp-block-buttons-is-layout-flex\">\n<div class=\"wp-block-button has-custom-font-size has-small-font-size\"><a class=\"wp-block-button__link has-vivid-green-cyan-color has-background-background-color has-text-color has-background wp-element-button\" href=\"https:\/\/fizz.ca\/fr\/mobile\" style=\"border-radius:100px\" target=\"_blank\" rel=\"noreferrer noopener\"><strong>FORFAITS MOBILES<\/strong><\/a><\/div>\n<\/div>\n<\/div>\n\n\n\n<div class=\"wp-block-column is-vertically-aligned-center is-layout-flow wp-block-column-is-layout-flow\">\n<div class=\"wp-block-buttons is-content-justification-center is-layout-flex wp-container-core-buttons-is-layout-a89b3969 wp-block-buttons-is-layout-flex\">\n<div class=\"wp-block-button has-custom-font-size has-small-font-size\"><a class=\"wp-block-button__link has-vivid-green-cyan-color has-background-background-color has-text-color has-background wp-element-button\" href=\"https:\/\/fizz.ca\/fr\/internet?WIZARD=broadband&amp;DATA_CAPACITY=10250&amp;DOWNLOAD_SPEED=10632&amp;BB_PLAN=1000\" style=\"border-radius:100px\" target=\"_blank\" rel=\"noreferrer noopener\"><strong>FORFAITS INTERNET<\/strong><\/a><\/div>\n<\/div>\n<\/div>\n<\/div>\n\n\n\n<h6 class=\"wp-block-heading has-text-align-center\" style=\"margin-top:0;margin-right:0;margin-bottom:var(--wp--preset--spacing--50);margin-left:0;padding-top:0;padding-right:0;padding-bottom:0;padding-left:0\"><strong>CODE ACTIF:&nbsp;Y14IM<\/strong><\/h6>\n<\/div><\/div>\n","protected":false},"excerpt":{"rendered":"","protected":false},"author":1,"featured_media":0,"parent":0,"menu_order":0,"comment_status":"closed","ping_status":"closed","template":"","meta":{"footnotes":""},"class_list":["post-8","page","type-page","status-publish","hentry"],"_links":{"self":[{"href":"https:\/\/fizzcodepromo.com\/index.php?rest_route=\/wp\/v2\/pages\/8","targetHints":{"allow":["GET"]}}],"collection":[{"href":"https:\/\/fizzcodepromo.com\/index.php?rest_route=\/wp\/v2\/pages"}],"about":[{"href":"https:\/\/fizzcodepromo.com\/index.php?rest_route=\/wp\/v2\/types\/page"}],"author":[{"embeddable":true,"href":"https:\/\/fizzcodepromo.com\/index.php?rest_route=\/wp\/v2\/users\/1"}],"replies":[{"embeddable":true,"href":"https:\/\/fizzcodepromo.com\/index.php?rest_route=%2Fwp%2Fv2%2Fcomments&post=8"}],"version-history":[{"count":3,"href":"https:\/\/fizzcodepromo.com\/index.php?rest_route=\/wp\/v2\/pages\/8\/revisions"}],"predecessor-version":[{"id":265,"href":"https:\/\/fizzcodepromo.com\/index.php?rest_route=\/wp\/v2\/pages\/8\/revisions\/265"}],"wp:attachment":[{"href":"https:\/\/fizzcodepromo.com\/index.php?rest_route=%2Fwp%2Fv2%2Fmedia&parent=8"}],"curies":[{"name":"wp","href":"https:\/\/api.w.org\/{rel}","templated":true}]}}